{"id":14,"date":"2025-09-28T14:55:13","date_gmt":"2025-09-28T14:55:13","guid":{"rendered":"http:\/\/anfocaccia.ovh\/?page_id=14"},"modified":"2026-04-01T08:14:06","modified_gmt":"2026-04-01T08:14:06","slug":"accueil","status":"publish","type":"page","link":"https:\/\/anfocaccia.ovh\/","title":{"rendered":"Accueil"},"content":{"rendered":"\n<div class=\"wp-block-cover alignfull\" style=\"padding-top:17%;padding-bottom:3rem\"><img loading=\"lazy\" decoding=\"async\" width=\"1024\" height=\"683\" class=\"wp-block-cover__image-background wp-image-30 size-large\" alt=\"\" src=\"http:\/\/anfocaccia.ovh\/wp-content\/uploads\/2025\/09\/roulotte-1024x683.jpg\" data-object-fit=\"cover\" srcset=\"https:\/\/anfocaccia.ovh\/wp-content\/uploads\/2025\/09\/roulotte-1024x683.jpg 1024w, https:\/\/anfocaccia.ovh\/wp-content\/uploads\/2025\/09\/roulotte-300x200.jpg 300w, https:\/\/anfocaccia.ovh\/wp-content\/uploads\/2025\/09\/roulotte-768x512.jpg 768w, https:\/\/anfocaccia.ovh\/wp-content\/uploads\/2025\/09\/roulotte.jpg 1536w\" sizes=\"auto, (max-width: 1024px) 100vw, 1024px\" \/><span aria-hidden=\"true\" class=\"wp-block-cover__background has-background-dim-0 has-background-dim\" style=\"background-color:#847766\"><\/span><div class=\"wp-block-cover__inner-container has-global-padding is-layout-constrained wp-container-core-cover-is-layout-29287ccd wp-block-cover-is-layout-constrained\">\n<h2 class=\"wp-block-heading has-text-align-center has-text-color has-link-color has-prata-regular-font-family wp-elements-7967f1b28215bfa841a00fe017acfcb0\" style=\"color:#d7b745;margin-bottom:1.01rem;font-size:clamp(2.422rem, 2.422rem + ((1vw - 0.2rem) * 3.796), 4.51rem);\">Focaccia Maison<\/h2>\n\n\n\n<div class=\"wp-block-group alignwide is-vertical is-content-justification-left is-layout-flex wp-container-core-group-is-layout-b21d21b4 wp-block-group-is-layout-flex\" style=\"min-height:520px\"><\/div>\n<\/div><\/div>\n\n\n\n<section class=\"wp-block-group alignfull has-global-padding is-layout-constrained wp-container-core-group-is-layout-05455e64 wp-block-group-is-layout-constrained\" style=\"margin-top:0px;padding-top:6rem;padding-right:1rem;padding-bottom:4.5rem;padding-left:1rem;font-size:clamp(0.875rem, 0.875rem + ((1vw - 0.2rem) * 0.464), 1.13rem);font-style:normal;font-weight:400;line-height:1.4\">\n<div class=\"wp-block-columns is-layout-flex wp-container-core-columns-is-layout-2e7296b4 wp-block-columns-is-layout-flex\" style=\"margin-bottom:0px\">\n<div class=\"wp-block-column is-vertically-aligned-center is-layout-flow wp-block-column-is-layout-flow\" style=\"padding-right:1rem;padding-left:1rem;flex-basis:35%\">\n<div class=\"wp-block-columns is-layout-flex wp-container-core-columns-is-layout-28f84493 wp-block-columns-is-layout-flex\">\n<div class=\"wp-block-column is-layout-flow wp-block-column-is-layout-flow\" style=\"flex-basis:100%\">\n<figure class=\"wp-block-gallery aligncenter has-nested-images columns-default is-cropped wp-block-gallery-1 is-layout-flex wp-block-gallery-is-layout-flex\">\n<figure class=\"wp-block-image size-full\"><img loading=\"lazy\" decoding=\"async\" width=\"1024\" height=\"1536\" data-id=\"320\" src=\"http:\/\/anfocaccia.ovh\/wp-content\/uploads\/2026\/04\/9949072D-6857-4A38-9D1C-C0E66359F44E.png\" alt=\"\" class=\"wp-image-320\" style=\"object-fit:cover\" srcset=\"https:\/\/anfocaccia.ovh\/wp-content\/uploads\/2026\/04\/9949072D-6857-4A38-9D1C-C0E66359F44E.png 1024w, https:\/\/anfocaccia.ovh\/wp-content\/uploads\/2026\/04\/9949072D-6857-4A38-9D1C-C0E66359F44E-200x300.png 200w, https:\/\/anfocaccia.ovh\/wp-content\/uploads\/2026\/04\/9949072D-6857-4A38-9D1C-C0E66359F44E-683x1024.png 683w, https:\/\/anfocaccia.ovh\/wp-content\/uploads\/2026\/04\/9949072D-6857-4A38-9D1C-C0E66359F44E-768x1152.png 768w\" sizes=\"auto, (max-width: 1024px) 100vw, 1024px\" \/><\/figure>\n<\/figure>\n<\/div>\n<\/div>\n<\/div>\n\n\n\n<div class=\"wp-block-column has-global-padding is-layout-constrained wp-container-core-column-is-layout-b4ec969c wp-block-column-is-layout-constrained\" style=\"padding-top:2.01rem\">\n<div class=\"wp-block-group has-global-padding is-layout-constrained wp-container-core-group-is-layout-dca71664 wp-block-group-is-layout-constrained\" style=\"min-height:100%\">\n<h3 class=\"wp-block-heading has-text-align-center has-text-color has-prata-regular-font-family\" style=\"color:#d7b745;margin-top:0.5rem;margin-bottom:0rem;font-size:clamp(1.556rem, 1.556rem + ((1vw - 0.2rem) * 1.916), 2.61rem);font-style:normal;font-weight:400;letter-spacing:0px;line-height:1.3\">Focaccia du mois<\/h3>\n\n\n\n<p><\/p>\n\n\n\n<ul class=\"wp-block-list\">\n<li>Dinde r\u00f4ti <\/li>\n\n\n\n<li>Tomate fra\u00eeche <\/li>\n\n\n\n<li>Mayonnaise truff\u00e9e <\/li>\n\n\n\n<li>Huile d\u2019olive <\/li>\n\n\n\n<li>Parmesan <\/li>\n<\/ul>\n\n\n\n<div class=\"wp-block-group is-vertical is-content-justification-stretch is-layout-flex wp-container-core-group-is-layout-53ad70e0 wp-block-group-is-layout-flex\" style=\"margin-top:1.61rem;padding-right:0px;padding-left:0px\">\n<div class=\"wp-block-group has-global-padding is-content-justification-center is-layout-constrained wp-container-core-group-is-layout-2f0bcb29 wp-block-group-is-layout-constrained\" style=\"margin-top:0px\">\n<div class=\"wp-block-buttons is-horizontal is-content-justification-right is-layout-flex wp-container-core-buttons-is-layout-099266fd wp-block-buttons-is-layout-flex\" style=\"margin-top:0.51rem\">\n<div class=\"wp-block-button has-custom-width wp-block-button__width-100 is-style-fill\"><a class=\"wp-block-button__link has-text-color has-background has-custom-font-size wp-element-button\" href=\"http:\/\/anfocaccia.ovh\/index.php\/services\/\" style=\"border-style:none;border-width:0px;border-radius:0rem;color:#fffffd;background-color:#2e69a1;padding-top:0.71rem;padding-right:0.31rem;padding-bottom:0.71rem;padding-left:0.31rem;font-size:clamp(0.875rem, 0.875rem + ((1vw - 0.2rem) * 0.245), 1.01rem);font-style:normal;font-weight:600;line-height:1.5;text-transform:uppercase\">Menu<\/a><\/div>\n<\/div>\n<\/div>\n<\/div>\n<\/div>\n<\/div>\n<\/div>\n<\/section>\n\n\n\n<div class=\"wp-block-cover alignfull\" style=\"padding-top:3.51rem;padding-right:0px;padding-bottom:2.01rem;padding-left:0px\"><span aria-hidden=\"true\" class=\"wp-block-cover__background has-background-dim-100 has-background-dim\" style=\"background-color:#2e69a1\"><\/span><div class=\"wp-block-cover__inner-container is-layout-flow wp-block-cover-is-layout-flow\">\n<div class=\"wp-block-group alignfull is-layout-flow wp-block-group-is-layout-flow\" style=\"margin-top:0px;margin-bottom:0px;padding-top:0rem;padding-right:1px;padding-bottom:2.01rem;padding-left:1px\">\n<div class=\"wp-block-columns alignfull is-layout-flex wp-container-core-columns-is-layout-35290b6f wp-block-columns-is-layout-flex\" style=\"padding-top:0rem\">\n<div class=\"wp-block-column is-layout-flow wp-block-column-is-layout-flow\" style=\"padding-top:1rem;padding-right:0rem;padding-bottom:1rem;padding-left:0rem\">\n<div class=\"wp-block-cover\" style=\"padding-right:0.51rem;padding-left:0.51rem;min-height:390px;aspect-ratio:unset;\"><img loading=\"lazy\" decoding=\"async\" width=\"731\" height=\"1024\" class=\"wp-block-cover__image-background wp-image-103 size-large\" alt=\"\" src=\"http:\/\/anfocaccia.ovh\/wp-content\/uploads\/2025\/09\/focaccia-3-731x1024.jpg\" data-object-fit=\"cover\" srcset=\"https:\/\/anfocaccia.ovh\/wp-content\/uploads\/2025\/09\/focaccia-3-731x1024.jpg 731w, https:\/\/anfocaccia.ovh\/wp-content\/uploads\/2025\/09\/focaccia-3-214x300.jpg 214w, https:\/\/anfocaccia.ovh\/wp-content\/uploads\/2025\/09\/focaccia-3-768x1076.jpg 768w, https:\/\/anfocaccia.ovh\/wp-content\/uploads\/2025\/09\/focaccia-3-1096x1536.jpg 1096w, https:\/\/anfocaccia.ovh\/wp-content\/uploads\/2025\/09\/focaccia-3.jpg 1290w\" sizes=\"auto, (max-width: 731px) 100vw, 731px\" \/><span aria-hidden=\"true\" class=\"wp-block-cover__background has-background-dim-0 has-background-dim\" style=\"background-color:#6e5130\"><\/span><div class=\"wp-block-cover__inner-container has-global-padding is-layout-constrained wp-container-core-cover-is-layout-1a3bd245 wp-block-cover-is-layout-constrained\">\n<p><\/p>\n<\/div><\/div>\n<\/div>\n\n\n\n<div class=\"wp-block-column is-layout-flow wp-block-column-is-layout-flow\" style=\"padding-top:1rem;padding-right:0rem;padding-bottom:1rem;padding-left:0rem\">\n<div class=\"wp-block-cover\" style=\"padding-right:0.51rem;padding-left:0.51rem;min-height:390px;aspect-ratio:unset;\"><img loading=\"lazy\" decoding=\"async\" width=\"1024\" height=\"683\" class=\"wp-block-cover__image-background wp-image-104 size-large\" alt=\"\" src=\"http:\/\/anfocaccia.ovh\/wp-content\/uploads\/2025\/09\/ChatGPT-Image-29-sept.-2025-14_40_05-1024x683.png\" data-object-fit=\"cover\" srcset=\"https:\/\/anfocaccia.ovh\/wp-content\/uploads\/2025\/09\/ChatGPT-Image-29-sept.-2025-14_40_05-1024x683.png 1024w, https:\/\/anfocaccia.ovh\/wp-content\/uploads\/2025\/09\/ChatGPT-Image-29-sept.-2025-14_40_05-300x200.png 300w, https:\/\/anfocaccia.ovh\/wp-content\/uploads\/2025\/09\/ChatGPT-Image-29-sept.-2025-14_40_05-768x512.png 768w, https:\/\/anfocaccia.ovh\/wp-content\/uploads\/2025\/09\/ChatGPT-Image-29-sept.-2025-14_40_05.png 1536w\" sizes=\"auto, (max-width: 1024px) 100vw, 1024px\" \/><span aria-hidden=\"true\" class=\"wp-block-cover__background has-background-dim-0 has-background-dim\" style=\"background-color:#85573a\"><\/span><div class=\"wp-block-cover__inner-container has-global-padding is-layout-constrained wp-container-core-cover-is-layout-1a3bd245 wp-block-cover-is-layout-constrained\">\n<p><\/p>\n<\/div><\/div>\n<\/div>\n\n\n\n<div class=\"wp-block-column is-layout-flow wp-block-column-is-layout-flow\" style=\"padding-top:1rem;padding-right:0rem;padding-bottom:1rem;padding-left:0rem\">\n<div class=\"wp-block-cover\" style=\"padding-right:0.51rem;padding-left:0.51rem;min-height:390px;aspect-ratio:unset;\"><img loading=\"lazy\" decoding=\"async\" width=\"1024\" height=\"683\" class=\"wp-block-cover__image-background wp-image-120 size-large\" alt=\"\" src=\"http:\/\/anfocaccia.ovh\/wp-content\/uploads\/2025\/09\/ChatGPT-Image-30-sept.-2025-10_54_33-1024x683.png\" data-object-fit=\"cover\" srcset=\"https:\/\/anfocaccia.ovh\/wp-content\/uploads\/2025\/09\/ChatGPT-Image-30-sept.-2025-10_54_33-1024x683.png 1024w, https:\/\/anfocaccia.ovh\/wp-content\/uploads\/2025\/09\/ChatGPT-Image-30-sept.-2025-10_54_33-300x200.png 300w, https:\/\/anfocaccia.ovh\/wp-content\/uploads\/2025\/09\/ChatGPT-Image-30-sept.-2025-10_54_33-768x512.png 768w, https:\/\/anfocaccia.ovh\/wp-content\/uploads\/2025\/09\/ChatGPT-Image-30-sept.-2025-10_54_33.png 1536w\" sizes=\"auto, (max-width: 1024px) 100vw, 1024px\" \/><span aria-hidden=\"true\" class=\"wp-block-cover__background has-background-dim-0 has-background-dim\" style=\"background-color:#7b5433\"><\/span><div class=\"wp-block-cover__inner-container has-global-padding is-layout-constrained wp-container-core-cover-is-layout-1a3bd245 wp-block-cover-is-layout-constrained\">\n<p class=\"has-text-align-center has-large-font-size\"><\/p>\n<\/div><\/div>\n<\/div>\n\n\n\n<div class=\"wp-block-column is-layout-flow wp-block-column-is-layout-flow\" style=\"padding-top:1rem;padding-right:0rem;padding-bottom:1rem;padding-left:0rem\">\n<div class=\"wp-block-cover\" style=\"padding-right:0.51rem;padding-left:0.51rem;min-height:390px;aspect-ratio:unset;\"><img loading=\"lazy\" decoding=\"async\" width=\"1206\" height=\"571\" class=\"wp-block-cover__image-background wp-image-282 size-full\" alt=\"\" src=\"http:\/\/anfocaccia.ovh\/wp-content\/uploads\/2025\/12\/IMG_1480.jpeg\" data-object-fit=\"cover\" srcset=\"https:\/\/anfocaccia.ovh\/wp-content\/uploads\/2025\/12\/IMG_1480.jpeg 1206w, https:\/\/anfocaccia.ovh\/wp-content\/uploads\/2025\/12\/IMG_1480-300x142.jpeg 300w, https:\/\/anfocaccia.ovh\/wp-content\/uploads\/2025\/12\/IMG_1480-1024x485.jpeg 1024w, https:\/\/anfocaccia.ovh\/wp-content\/uploads\/2025\/12\/IMG_1480-768x364.jpeg 768w\" sizes=\"auto, (max-width: 1206px) 100vw, 1206px\" \/><span aria-hidden=\"true\" class=\"wp-block-cover__background has-background-dim-0 has-background-dim\" style=\"background-color:#917361\"><\/span><div class=\"wp-block-cover__inner-container has-global-padding is-layout-constrained wp-container-core-cover-is-layout-1a3bd245 wp-block-cover-is-layout-constrained\">\n<p><\/p>\n<\/div><\/div>\n<\/div>\n<\/div>\n<\/div>\n<\/div><\/div>\n\n\n\n<div class=\"wp-block-group alignfull has-global-padding is-layout-constrained wp-container-core-group-is-layout-3c77c8a4 wp-block-group-is-layout-constrained\" style=\"padding-top:3.51rem;padding-right:1.01rem;padding-bottom:5.01rem;padding-left:1.01rem\">\n<div class=\"wp-block-group has-global-padding is-layout-constrained wp-block-group-is-layout-constrained\">\n<h3 class=\"wp-block-heading has-text-align-center has-text-color has-prata-regular-font-family\" style=\"color:#d7b745;margin-top:0.5rem;margin-bottom:0rem;font-size:clamp(1.556rem, 1.556rem + ((1vw - 0.2rem) * 1.916), 2.61rem);font-style:normal;font-weight:700;letter-spacing:0px;line-height:1.3\">La Focaccia \u00e0 partager ou pas!<\/h3>\n<\/div>\n<\/div>\n\n\n\n<section class=\"wp-block-cover alignfull\" style=\"margin-top:0px;padding-top:1.01rem;padding-bottom:1.01rem;min-height:356px;aspect-ratio:unset;\"><img loading=\"lazy\" decoding=\"async\" width=\"1536\" height=\"1024\" class=\"wp-block-cover__image-background wp-image-47 size-full\" alt=\"\" src=\"http:\/\/anfocaccia.ovh\/wp-content\/uploads\/2025\/09\/IMG_6298-3.jpeg\" data-object-fit=\"cover\" srcset=\"https:\/\/anfocaccia.ovh\/wp-content\/uploads\/2025\/09\/IMG_6298-3.jpeg 1536w, https:\/\/anfocaccia.ovh\/wp-content\/uploads\/2025\/09\/IMG_6298-3-300x200.jpeg 300w, https:\/\/anfocaccia.ovh\/wp-content\/uploads\/2025\/09\/IMG_6298-3-1024x683.jpeg 1024w, https:\/\/anfocaccia.ovh\/wp-content\/uploads\/2025\/09\/IMG_6298-3-768x512.jpeg 768w\" sizes=\"auto, (max-width: 1536px) 100vw, 1536px\" \/><span aria-hidden=\"true\" class=\"wp-block-cover__background has-background-dim-0 has-background-dim\" style=\"background-color:#edf1f2\"><\/span><div class=\"wp-block-cover__inner-container has-global-padding is-layout-constrained wp-container-core-cover-is-layout-b1bebcb3 wp-block-cover-is-layout-constrained\">\n<div class=\"wp-block-group has-text-color is-layout-flow wp-block-group-is-layout-flow\" style=\"color:#fffffd;margin-top:0px;padding-top:0rem;padding-right:1rem;padding-bottom:0rem;padding-left:1rem;font-size:clamp(0.875rem, 0.875rem + ((1vw - 0.2rem) * 0.464), 1.13rem);font-style:normal;font-weight:400;line-height:1.4\">\n<div class=\"wp-block-group has-global-padding is-layout-constrained wp-container-core-group-is-layout-bdbfdc43 wp-block-group-is-layout-constrained\">\n<h2 class=\"wp-block-heading has-text-align-center has-text-color\" style=\"color:#fffffd;margin-bottom:0rem;font-size:clamp(1.507rem, 1.507rem + ((1vw - 0.2rem) * 1.824), 2.51rem);font-style:normal;font-weight:400;line-height:1.2\">Suivez nous<\/h2>\n<\/div>\n<\/div>\n\n\n\n<ul class=\"wp-block-social-links has-large-icon-size is-content-justification-center is-layout-flex wp-container-core-social-links-is-layout-a89b3969 wp-block-social-links-is-layout-flex\"><li class=\"wp-social-link wp-social-link-instagram  wp-block-social-link\"><a href=\"https:\/\/www.instagram.com\/an_focaccia\/\" class=\"wp-block-social-link-anchor\"><svg width=\"24\" height=\"24\" viewBox=\"0 0 24 24\" version=\"1.1\" xmlns=\"http:\/\/www.w3.org\/2000\/svg\" aria-hidden=\"true\" focusable=\"false\"><path d=\"M12,4.622c2.403,0,2.688,0.009,3.637,0.052c0.877,0.04,1.354,0.187,1.671,0.31c0.42,0.163,0.72,0.358,1.035,0.673 c0.315,0.315,0.51,0.615,0.673,1.035c0.123,0.317,0.27,0.794,0.31,1.671c0.043,0.949,0.052,1.234,0.052,3.637 s-0.009,2.688-0.052,3.637c-0.04,0.877-0.187,1.354-0.31,1.671c-0.163,0.42-0.358,0.72-0.673,1.035 c-0.315,0.315-0.615,0.51-1.035,0.673c-0.317,0.123-0.794,0.27-1.671,0.31c-0.949,0.043-1.233,0.052-3.637,0.052 s-2.688-0.009-3.637-0.052c-0.877-0.04-1.354-0.187-1.671-0.31c-0.42-0.163-0.72-0.358-1.035-0.673 c-0.315-0.315-0.51-0.615-0.673-1.035c-0.123-0.317-0.27-0.794-0.31-1.671C4.631,14.688,4.622,14.403,4.622,12 s0.009-2.688,0.052-3.637c0.04-0.877,0.187-1.354,0.31-1.671c0.163-0.42,0.358-0.72,0.673-1.035 c0.315-0.315,0.615-0.51,1.035-0.673c0.317-0.123,0.794-0.27,1.671-0.31C9.312,4.631,9.597,4.622,12,4.622 M12,3 C9.556,3,9.249,3.01,8.289,3.054C7.331,3.098,6.677,3.25,6.105,3.472C5.513,3.702,5.011,4.01,4.511,4.511 c-0.5,0.5-0.808,1.002-1.038,1.594C3.25,6.677,3.098,7.331,3.054,8.289C3.01,9.249,3,9.556,3,12c0,2.444,0.01,2.751,0.054,3.711 c0.044,0.958,0.196,1.612,0.418,2.185c0.23,0.592,0.538,1.094,1.038,1.594c0.5,0.5,1.002,0.808,1.594,1.038 c0.572,0.222,1.227,0.375,2.185,0.418C9.249,20.99,9.556,21,12,21s2.751-0.01,3.711-0.054c0.958-0.044,1.612-0.196,2.185-0.418 c0.592-0.23,1.094-0.538,1.594-1.038c0.5-0.5,0.808-1.002,1.038-1.594c0.222-0.572,0.375-1.227,0.418-2.185 C20.99,14.751,21,14.444,21,12s-0.01-2.751-0.054-3.711c-0.044-0.958-0.196-1.612-0.418-2.185c-0.23-0.592-0.538-1.094-1.038-1.594 c-0.5-0.5-1.002-0.808-1.594-1.038c-0.572-0.222-1.227-0.375-2.185-0.418C14.751,3.01,14.444,3,12,3L12,3z M12,7.378 c-2.552,0-4.622,2.069-4.622,4.622S9.448,16.622,12,16.622s4.622-2.069,4.622-4.622S14.552,7.378,12,7.378z M12,15 c-1.657,0-3-1.343-3-3s1.343-3,3-3s3,1.343,3,3S13.657,15,12,15z M16.804,6.116c-0.596,0-1.08,0.484-1.08,1.08 s0.484,1.08,1.08,1.08c0.596,0,1.08-0.484,1.08-1.08S17.401,6.116,16.804,6.116z\"><\/path><\/svg><span class=\"wp-block-social-link-label screen-reader-text\">Instagram<\/span><\/a><\/li><\/ul>\n<\/div><\/section>\n\n\n\n<p><\/p>\n","protected":false},"excerpt":{"rendered":"<p>Focaccia du mois La Focaccia \u00e0 partager ou pas!<\/p>\n","protected":false},"author":1,"featured_media":0,"parent":0,"menu_order":0,"comment_status":"closed","ping_status":"closed","template":"","meta":{"footnotes":""},"class_list":["post-14","page","type-page","status-publish","hentry"],"yoast_head":"<!-- This site is optimized with the Yoast SEO plugin v26.0 - https:\/\/yoast.com\/wordpress\/plugins\/seo\/ -->\n<title>Anfocaccia food truck focaccia artisanales thiers - AN FOCACCIA<\/title>\n<meta name=\"description\" content=\"Food truck artisanal \u00e0 Thiers : savourez nos focaccias maison, inspir\u00e9es de la street food italienne. Ingr\u00e9dients frais, recettes authentiques et saveurs gourmandes \u00e0 emporter.\" \/>\n<meta name=\"robots\" content=\"index, follow, max-snippet:-1, max-image-preview:large, max-video-preview:-1\" \/>\n<link rel=\"canonical\" href=\"http:\/\/anfocaccia.ovh\/\" \/>\n<meta property=\"og:locale\" content=\"fr_FR\" \/>\n<meta property=\"og:type\" content=\"article\" \/>\n<meta property=\"og:title\" content=\"Anfocaccia food truck focaccia artisanales thiers - AN FOCACCIA\" \/>\n<meta property=\"og:description\" content=\"Food truck artisanal \u00e0 Thiers : savourez nos focaccias maison, inspir\u00e9es de la street food italienne. Ingr\u00e9dients frais, recettes authentiques et saveurs gourmandes \u00e0 emporter.\" \/>\n<meta property=\"og:url\" content=\"http:\/\/anfocaccia.ovh\/\" \/>\n<meta property=\"og:site_name\" content=\"AN FOCACCIA\" \/>\n<meta property=\"article:modified_time\" content=\"2026-04-01T08:14:06+00:00\" \/>\n<meta property=\"og:image\" content=\"http:\/\/anfocaccia.ovh\/wp-content\/uploads\/2025\/09\/roulotte-1024x683.jpg\" \/>\n<meta name=\"twitter:card\" content=\"summary_large_image\" \/>\n<meta name=\"twitter:label1\" content=\"Dur\u00e9e de lecture estim\u00e9e\" \/>\n\t<meta name=\"twitter:data1\" content=\"2 minutes\" \/>\n<script type=\"application\/ld+json\" class=\"yoast-schema-graph\">{\"@context\":\"https:\/\/schema.org\",\"@graph\":[{\"@type\":\"WebPage\",\"@id\":\"http:\/\/anfocaccia.ovh\/\",\"url\":\"http:\/\/anfocaccia.ovh\/\",\"name\":\"Anfocaccia food truck focaccia artisanales thiers - AN FOCACCIA\",\"isPartOf\":{\"@id\":\"http:\/\/anfocaccia.ovh\/#website\"},\"primaryImageOfPage\":{\"@id\":\"http:\/\/anfocaccia.ovh\/#primaryimage\"},\"image\":{\"@id\":\"http:\/\/anfocaccia.ovh\/#primaryimage\"},\"thumbnailUrl\":\"http:\/\/anfocaccia.ovh\/wp-content\/uploads\/2025\/09\/roulotte-1024x683.jpg\",\"datePublished\":\"2025-09-28T14:55:13+00:00\",\"dateModified\":\"2026-04-01T08:14:06+00:00\",\"description\":\"Food truck artisanal \u00e0 Thiers : savourez nos focaccias maison, inspir\u00e9es de la street food italienne. Ingr\u00e9dients frais, recettes authentiques et saveurs gourmandes \u00e0 emporter.\",\"breadcrumb\":{\"@id\":\"http:\/\/anfocaccia.ovh\/#breadcrumb\"},\"inLanguage\":\"fr-FR\",\"potentialAction\":[{\"@type\":\"ReadAction\",\"target\":[\"http:\/\/anfocaccia.ovh\/\"]}]},{\"@type\":\"ImageObject\",\"inLanguage\":\"fr-FR\",\"@id\":\"http:\/\/anfocaccia.ovh\/#primaryimage\",\"url\":\"https:\/\/anfocaccia.ovh\/wp-content\/uploads\/2025\/09\/roulotte.jpg\",\"contentUrl\":\"https:\/\/anfocaccia.ovh\/wp-content\/uploads\/2025\/09\/roulotte.jpg\",\"width\":1536,\"height\":1024},{\"@type\":\"BreadcrumbList\",\"@id\":\"http:\/\/anfocaccia.ovh\/#breadcrumb\",\"itemListElement\":[{\"@type\":\"ListItem\",\"position\":1,\"name\":\"Accueil\",\"item\":\"http:\/\/anfocaccia.ovh\/\"},{\"@type\":\"ListItem\",\"position\":2,\"name\":\"Accueil\"}]},{\"@type\":\"WebSite\",\"@id\":\"http:\/\/anfocaccia.ovh\/#website\",\"url\":\"http:\/\/anfocaccia.ovh\/\",\"name\":\"AN FOCACCIA\",\"description\":\"Food truck artisanal \u00e0 Thiers: savourez nos focaccia maison, inspir\u00e9es de la street food italienne. Ingredients frais, recettes authentiques et saveurs gourmandes \u00e0 emporter.\",\"publisher\":{\"@id\":\"http:\/\/anfocaccia.ovh\/#organization\"},\"potentialAction\":[{\"@type\":\"SearchAction\",\"target\":{\"@type\":\"EntryPoint\",\"urlTemplate\":\"http:\/\/anfocaccia.ovh\/?s={search_term_string}\"},\"query-input\":{\"@type\":\"PropertyValueSpecification\",\"valueRequired\":true,\"valueName\":\"search_term_string\"}}],\"inLanguage\":\"fr-FR\"},{\"@type\":\"Organization\",\"@id\":\"http:\/\/anfocaccia.ovh\/#organization\",\"name\":\"AN FOCACCIA\",\"url\":\"http:\/\/anfocaccia.ovh\/\",\"logo\":{\"@type\":\"ImageObject\",\"inLanguage\":\"fr-FR\",\"@id\":\"http:\/\/anfocaccia.ovh\/#\/schema\/logo\/image\/\",\"url\":\"https:\/\/anfocaccia.ovh\/wp-content\/uploads\/2025\/09\/Logo.jpg\",\"contentUrl\":\"https:\/\/anfocaccia.ovh\/wp-content\/uploads\/2025\/09\/Logo.jpg\",\"width\":1024,\"height\":1536,\"caption\":\"AN FOCACCIA\"},\"image\":{\"@id\":\"http:\/\/anfocaccia.ovh\/#\/schema\/logo\/image\/\"},\"sameAs\":[\"https:\/\/www.instagram.com\/an_focaccia\/\"]}]}<\/script>\n<!-- \/ Yoast SEO plugin. -->","yoast_head_json":{"title":"Anfocaccia food truck focaccia artisanales thiers - AN FOCACCIA","description":"Food truck artisanal \u00e0 Thiers : savourez nos focaccias maison, inspir\u00e9es de la street food italienne. Ingr\u00e9dients frais, recettes authentiques et saveurs gourmandes \u00e0 emporter.","robots":{"index":"index","follow":"follow","max-snippet":"max-snippet:-1","max-image-preview":"max-image-preview:large","max-video-preview":"max-video-preview:-1"},"canonical":"http:\/\/anfocaccia.ovh\/","og_locale":"fr_FR","og_type":"article","og_title":"Anfocaccia food truck focaccia artisanales thiers - AN FOCACCIA","og_description":"Food truck artisanal \u00e0 Thiers : savourez nos focaccias maison, inspir\u00e9es de la street food italienne. Ingr\u00e9dients frais, recettes authentiques et saveurs gourmandes \u00e0 emporter.","og_url":"http:\/\/anfocaccia.ovh\/","og_site_name":"AN FOCACCIA","article_modified_time":"2026-04-01T08:14:06+00:00","og_image":[{"url":"http:\/\/anfocaccia.ovh\/wp-content\/uploads\/2025\/09\/roulotte-1024x683.jpg","type":"","width":"","height":""}],"twitter_card":"summary_large_image","twitter_misc":{"Dur\u00e9e de lecture estim\u00e9e":"2 minutes"},"schema":{"@context":"https:\/\/schema.org","@graph":[{"@type":"WebPage","@id":"http:\/\/anfocaccia.ovh\/","url":"http:\/\/anfocaccia.ovh\/","name":"Anfocaccia food truck focaccia artisanales thiers - AN FOCACCIA","isPartOf":{"@id":"http:\/\/anfocaccia.ovh\/#website"},"primaryImageOfPage":{"@id":"http:\/\/anfocaccia.ovh\/#primaryimage"},"image":{"@id":"http:\/\/anfocaccia.ovh\/#primaryimage"},"thumbnailUrl":"http:\/\/anfocaccia.ovh\/wp-content\/uploads\/2025\/09\/roulotte-1024x683.jpg","datePublished":"2025-09-28T14:55:13+00:00","dateModified":"2026-04-01T08:14:06+00:00","description":"Food truck artisanal \u00e0 Thiers : savourez nos focaccias maison, inspir\u00e9es de la street food italienne. Ingr\u00e9dients frais, recettes authentiques et saveurs gourmandes \u00e0 emporter.","breadcrumb":{"@id":"http:\/\/anfocaccia.ovh\/#breadcrumb"},"inLanguage":"fr-FR","potentialAction":[{"@type":"ReadAction","target":["http:\/\/anfocaccia.ovh\/"]}]},{"@type":"ImageObject","inLanguage":"fr-FR","@id":"http:\/\/anfocaccia.ovh\/#primaryimage","url":"https:\/\/anfocaccia.ovh\/wp-content\/uploads\/2025\/09\/roulotte.jpg","contentUrl":"https:\/\/anfocaccia.ovh\/wp-content\/uploads\/2025\/09\/roulotte.jpg","width":1536,"height":1024},{"@type":"BreadcrumbList","@id":"http:\/\/anfocaccia.ovh\/#breadcrumb","itemListElement":[{"@type":"ListItem","position":1,"name":"Accueil","item":"http:\/\/anfocaccia.ovh\/"},{"@type":"ListItem","position":2,"name":"Accueil"}]},{"@type":"WebSite","@id":"http:\/\/anfocaccia.ovh\/#website","url":"http:\/\/anfocaccia.ovh\/","name":"AN FOCACCIA","description":"Food truck artisanal \u00e0 Thiers: savourez nos focaccia maison, inspir\u00e9es de la street food italienne. Ingredients frais, recettes authentiques et saveurs gourmandes \u00e0 emporter.","publisher":{"@id":"http:\/\/anfocaccia.ovh\/#organization"},"potentialAction":[{"@type":"SearchAction","target":{"@type":"EntryPoint","urlTemplate":"http:\/\/anfocaccia.ovh\/?s={search_term_string}"},"query-input":{"@type":"PropertyValueSpecification","valueRequired":true,"valueName":"search_term_string"}}],"inLanguage":"fr-FR"},{"@type":"Organization","@id":"http:\/\/anfocaccia.ovh\/#organization","name":"AN FOCACCIA","url":"http:\/\/anfocaccia.ovh\/","logo":{"@type":"ImageObject","inLanguage":"fr-FR","@id":"http:\/\/anfocaccia.ovh\/#\/schema\/logo\/image\/","url":"https:\/\/anfocaccia.ovh\/wp-content\/uploads\/2025\/09\/Logo.jpg","contentUrl":"https:\/\/anfocaccia.ovh\/wp-content\/uploads\/2025\/09\/Logo.jpg","width":1024,"height":1536,"caption":"AN FOCACCIA"},"image":{"@id":"http:\/\/anfocaccia.ovh\/#\/schema\/logo\/image\/"},"sameAs":["https:\/\/www.instagram.com\/an_focaccia\/"]}]}},"_links":{"self":[{"href":"https:\/\/anfocaccia.ovh\/index.php\/wp-json\/wp\/v2\/pages\/14","targetHints":{"allow":["GET"]}}],"collection":[{"href":"https:\/\/anfocaccia.ovh\/index.php\/wp-json\/wp\/v2\/pages"}],"about":[{"href":"https:\/\/anfocaccia.ovh\/index.php\/wp-json\/wp\/v2\/types\/page"}],"author":[{"embeddable":true,"href":"https:\/\/anfocaccia.ovh\/index.php\/wp-json\/wp\/v2\/users\/1"}],"replies":[{"embeddable":true,"href":"https:\/\/anfocaccia.ovh\/index.php\/wp-json\/wp\/v2\/comments?post=14"}],"version-history":[{"count":32,"href":"https:\/\/anfocaccia.ovh\/index.php\/wp-json\/wp\/v2\/pages\/14\/revisions"}],"predecessor-version":[{"id":324,"href":"https:\/\/anfocaccia.ovh\/index.php\/wp-json\/wp\/v2\/pages\/14\/revisions\/324"}],"wp:attachment":[{"href":"https:\/\/anfocaccia.ovh\/index.php\/wp-json\/wp\/v2\/media?parent=14"}],"curies":[{"name":"wp","href":"https:\/\/api.w.org\/{rel}","templated":true}]}}