{"id":20,"date":"2025-09-28T14:56:42","date_gmt":"2025-09-28T14:56:42","guid":{"rendered":"http:\/\/anfocaccia.ovh\/?page_id=20"},"modified":"2025-12-23T16:20:55","modified_gmt":"2025-12-23T16:20:55","slug":"contact","status":"publish","type":"page","link":"http:\/\/anfocaccia.ovh\/index.php\/contact\/","title":{"rendered":"Contact"},"content":{"rendered":"\n<div class=\"wp-block-cover alignfull\" style=\"padding-top:2%;min-height:480px;aspect-ratio:unset;\"><img loading=\"lazy\" decoding=\"async\" width=\"1024\" height=\"683\" class=\"wp-block-cover__image-background wp-image-41 size-large\" alt=\"\" src=\"http:\/\/anfocaccia.ovh\/wp-content\/uploads\/2025\/09\/IMG_6298-2-1024x683.jpeg\" data-object-fit=\"cover\" srcset=\"http:\/\/anfocaccia.ovh\/wp-content\/uploads\/2025\/09\/IMG_6298-2-1024x683.jpeg 1024w, http:\/\/anfocaccia.ovh\/wp-content\/uploads\/2025\/09\/IMG_6298-2-300x200.jpeg 300w, http:\/\/anfocaccia.ovh\/wp-content\/uploads\/2025\/09\/IMG_6298-2-768x512.jpeg 768w, http:\/\/anfocaccia.ovh\/wp-content\/uploads\/2025\/09\/IMG_6298-2.jpeg 1536w\" sizes=\"auto, (max-width: 1024px) 100vw, 1024px\" \/><span aria-hidden=\"true\" class=\"wp-block-cover__background has-background-dim-0 has-background-dim\" style=\"background-color:#7c7c7c\"><\/span><div class=\"wp-block-cover__inner-container has-global-padding is-layout-constrained wp-container-core-cover-is-layout-ee51f2d2 wp-block-cover-is-layout-constrained\">\n<div class=\"wp-block-group alignwide is-vertical is-content-justification-center is-layout-flex wp-container-core-group-is-layout-5e763914 wp-block-group-is-layout-flex\" style=\"min-height:8rem\">\n<div class=\"wp-block-group has-global-padding is-layout-constrained wp-container-core-group-is-layout-bea02a06 wp-block-group-is-layout-constrained\">\n<h2 class=\"wp-block-heading has-text-align-center has-text-color has-prata-regular-font-family\" style=\"color:#fefeff;margin-top:0rem;margin-bottom:1.01rem;font-size:clamp(2.071rem, 2.071rem + ((1vw - 0.2rem) * 2.98), 3.71rem);font-style:normal;font-weight:400;line-height:1;text-transform:capitalize\">Contact.<\/h2>\n<\/div>\n<\/div>\n<\/div><\/div>\n\n\n\n<div class=\"wp-block-cover alignfull is-light\" style=\"padding-top:2%;min-height:469px;aspect-ratio:unset;\"><img loading=\"lazy\" decoding=\"async\" width=\"629\" height=\"927\" class=\"wp-block-cover__image-background wp-image-226 size-full\" alt=\"\" src=\"https:\/\/anfocaccia.ovh\/wp-content\/uploads\/2025\/10\/Whitagram-Image-1.jpeg\" data-object-fit=\"cover\" srcset=\"http:\/\/anfocaccia.ovh\/wp-content\/uploads\/2025\/10\/Whitagram-Image-1.jpeg 629w, http:\/\/anfocaccia.ovh\/wp-content\/uploads\/2025\/10\/Whitagram-Image-1-204x300.jpeg 204w\" sizes=\"auto, (max-width: 629px) 100vw, 629px\" \/><span aria-hidden=\"true\" class=\"wp-block-cover__background has-background-dim-0 has-background-dim\" style=\"background-color:#e1e1e1\"><\/span><div class=\"wp-block-cover__inner-container has-global-padding is-layout-constrained wp-container-core-cover-is-layout-ee51f2d2 wp-block-cover-is-layout-constrained\">\n<h2 class=\"wp-block-heading has-text-align-center has-text-color has-background has-prata-regular-font-family\" style=\"color:#d7b745;background-color:#ffffffad;margin-top:0rem;margin-bottom:1.01rem;font-size:clamp(24.034px, 1.502rem + ((1vw - 3.2px) * 1.814), 40px);font-style:normal;font-weight:700;line-height:1;text-transform:capitalize\">Contact.<\/h2>\n\n\n\n<div class=\"wp-block-group has-background has-global-padding is-layout-constrained wp-block-group-is-layout-constrained\" style=\"background-color:#ffffffad\">\n<div class=\"wp-block-columns is-layout-flex wp-container-core-columns-is-layout-28f84493 wp-block-columns-is-layout-flex\">\n<div class=\"wp-block-column is-layout-flow wp-block-column-is-layout-flow\"><\/div>\n\n\n\n<div class=\"wp-block-column is-layout-flow wp-block-column-is-layout-flow\"><\/div>\n<\/div>\n\n\n\n<div class=\"wp-block-columns is-layout-flex wp-container-core-columns-is-layout-28f84493 wp-block-columns-is-layout-flex\">\n<div class=\"wp-block-column is-vertically-aligned-center is-layout-flow wp-block-column-is-layout-flow\">\n<p class=\"has-text-align-center\">06.13.68.28.72 <\/p>\n\n\n\n<p class=\"has-text-align-center\">ou <\/p>\n\n\n\n<p class=\"has-text-align-center\">via Instagram an_focaccia<\/p>\n<\/div>\n<\/div>\n\n\n\n<ul class=\"wp-block-social-links aligncenter is-content-justification-center is-layout-flex wp-container-core-social-links-is-layout-a89b3969 wp-block-social-links-is-layout-flex\"><li class=\"wp-social-link wp-social-link-instagram  wp-block-social-link\"><a href=\"https:\/\/www.instagram.com\/an_focaccia\/\" class=\"wp-block-social-link-anchor\"><svg width=\"24\" height=\"24\" viewBox=\"0 0 24 24\" version=\"1.1\" xmlns=\"http:\/\/www.w3.org\/2000\/svg\" aria-hidden=\"true\" focusable=\"false\"><path d=\"M12,4.622c2.403,0,2.688,0.009,3.637,0.052c0.877,0.04,1.354,0.187,1.671,0.31c0.42,0.163,0.72,0.358,1.035,0.673 c0.315,0.315,0.51,0.615,0.673,1.035c0.123,0.317,0.27,0.794,0.31,1.671c0.043,0.949,0.052,1.234,0.052,3.637 s-0.009,2.688-0.052,3.637c-0.04,0.877-0.187,1.354-0.31,1.671c-0.163,0.42-0.358,0.72-0.673,1.035 c-0.315,0.315-0.615,0.51-1.035,0.673c-0.317,0.123-0.794,0.27-1.671,0.31c-0.949,0.043-1.233,0.052-3.637,0.052 s-2.688-0.009-3.637-0.052c-0.877-0.04-1.354-0.187-1.671-0.31c-0.42-0.163-0.72-0.358-1.035-0.673 c-0.315-0.315-0.51-0.615-0.673-1.035c-0.123-0.317-0.27-0.794-0.31-1.671C4.631,14.688,4.622,14.403,4.622,12 s0.009-2.688,0.052-3.637c0.04-0.877,0.187-1.354,0.31-1.671c0.163-0.42,0.358-0.72,0.673-1.035 c0.315-0.315,0.615-0.51,1.035-0.673c0.317-0.123,0.794-0.27,1.671-0.31C9.312,4.631,9.597,4.622,12,4.622 M12,3 C9.556,3,9.249,3.01,8.289,3.054C7.331,3.098,6.677,3.25,6.105,3.472C5.513,3.702,5.011,4.01,4.511,4.511 c-0.5,0.5-0.808,1.002-1.038,1.594C3.25,6.677,3.098,7.331,3.054,8.289C3.01,9.249,3,9.556,3,12c0,2.444,0.01,2.751,0.054,3.711 c0.044,0.958,0.196,1.612,0.418,2.185c0.23,0.592,0.538,1.094,1.038,1.594c0.5,0.5,1.002,0.808,1.594,1.038 c0.572,0.222,1.227,0.375,2.185,0.418C9.249,20.99,9.556,21,12,21s2.751-0.01,3.711-0.054c0.958-0.044,1.612-0.196,2.185-0.418 c0.592-0.23,1.094-0.538,1.594-1.038c0.5-0.5,0.808-1.002,1.038-1.594c0.222-0.572,0.375-1.227,0.418-2.185 C20.99,14.751,21,14.444,21,12s-0.01-2.751-0.054-3.711c-0.044-0.958-0.196-1.612-0.418-2.185c-0.23-0.592-0.538-1.094-1.038-1.594 c-0.5-0.5-1.002-0.808-1.594-1.038c-0.572-0.222-1.227-0.375-2.185-0.418C14.751,3.01,14.444,3,12,3L12,3z M12,7.378 c-2.552,0-4.622,2.069-4.622,4.622S9.448,16.622,12,16.622s4.622-2.069,4.622-4.622S14.552,7.378,12,7.378z M12,15 c-1.657,0-3-1.343-3-3s1.343-3,3-3s3,1.343,3,3S13.657,15,12,15z M16.804,6.116c-0.596,0-1.08,0.484-1.08,1.08 s0.484,1.08,1.08,1.08c0.596,0,1.08-0.484,1.08-1.08S17.401,6.116,16.804,6.116z\"><\/path><\/svg><span class=\"wp-block-social-link-label screen-reader-text\">Instagram<\/span><\/a><\/li><\/ul>\n<\/div>\n<\/div><\/div>\n","protected":false},"excerpt":{"rendered":"","protected":false},"author":1,"featured_media":0,"parent":0,"menu_order":0,"comment_status":"closed","ping_status":"closed","template":"","meta":{"footnotes":""},"class_list":["post-20","page","type-page","status-publish","hentry"],"yoast_head":"<!-- This site is optimized with the Yoast SEO plugin v26.0 - https:\/\/yoast.com\/wordpress\/plugins\/seo\/ -->\n<title>Contact - AN FOCACCIA<\/title>\n<meta name=\"description\" content=\"Contact d\u2019ANFocaccia - Food truck italien \u00e0 Thiers, une exp\u00e9rience culinaire qui ravit les gourmands et curieux.\" \/>\n<meta name=\"robots\" content=\"index, follow, max-snippet:-1, max-image-preview:large, max-video-preview:-1\" \/>\n<link rel=\"canonical\" href=\"http:\/\/anfocaccia.ovh\/index.php\/contact\/\" \/>\n<meta property=\"og:locale\" content=\"fr_FR\" \/>\n<meta property=\"og:type\" content=\"article\" \/>\n<meta property=\"og:title\" content=\"Contact - AN FOCACCIA\" \/>\n<meta property=\"og:description\" content=\"Contact d\u2019ANFocaccia - Food truck italien \u00e0 Thiers, une exp\u00e9rience culinaire qui ravit les gourmands et curieux.\" \/>\n<meta property=\"og:url\" content=\"http:\/\/anfocaccia.ovh\/index.php\/contact\/\" \/>\n<meta property=\"og:site_name\" content=\"AN FOCACCIA\" \/>\n<meta property=\"article:modified_time\" content=\"2025-12-23T16:20:55+00:00\" \/>\n<meta property=\"og:image\" content=\"http:\/\/anfocaccia.ovh\/wp-content\/uploads\/2025\/09\/IMG_6298-2-1024x683.jpeg\" \/>\n<meta name=\"twitter:card\" content=\"summary_large_image\" \/>\n<meta name=\"twitter:label1\" content=\"Dur\u00e9e de lecture estim\u00e9e\" \/>\n\t<meta name=\"twitter:data1\" content=\"1 minute\" \/>\n<script type=\"application\/ld+json\" class=\"yoast-schema-graph\">{\"@context\":\"https:\/\/schema.org\",\"@graph\":[{\"@type\":\"WebPage\",\"@id\":\"http:\/\/anfocaccia.ovh\/index.php\/contact\/\",\"url\":\"http:\/\/anfocaccia.ovh\/index.php\/contact\/\",\"name\":\"Contact - AN FOCACCIA\",\"isPartOf\":{\"@id\":\"http:\/\/anfocaccia.ovh\/#website\"},\"primaryImageOfPage\":{\"@id\":\"http:\/\/anfocaccia.ovh\/index.php\/contact\/#primaryimage\"},\"image\":{\"@id\":\"http:\/\/anfocaccia.ovh\/index.php\/contact\/#primaryimage\"},\"thumbnailUrl\":\"http:\/\/anfocaccia.ovh\/wp-content\/uploads\/2025\/09\/IMG_6298-2-1024x683.jpeg\",\"datePublished\":\"2025-09-28T14:56:42+00:00\",\"dateModified\":\"2025-12-23T16:20:55+00:00\",\"description\":\"Contact d\u2019ANFocaccia - Food truck italien \u00e0 Thiers, une exp\u00e9rience culinaire qui ravit les gourmands et curieux.\",\"breadcrumb\":{\"@id\":\"http:\/\/anfocaccia.ovh\/index.php\/contact\/#breadcrumb\"},\"inLanguage\":\"fr-FR\",\"potentialAction\":[{\"@type\":\"ReadAction\",\"target\":[\"http:\/\/anfocaccia.ovh\/index.php\/contact\/\"]}]},{\"@type\":\"ImageObject\",\"inLanguage\":\"fr-FR\",\"@id\":\"http:\/\/anfocaccia.ovh\/index.php\/contact\/#primaryimage\",\"url\":\"http:\/\/anfocaccia.ovh\/wp-content\/uploads\/2025\/09\/IMG_6298-2.jpeg\",\"contentUrl\":\"http:\/\/anfocaccia.ovh\/wp-content\/uploads\/2025\/09\/IMG_6298-2.jpeg\",\"width\":1536,\"height\":1024},{\"@type\":\"BreadcrumbList\",\"@id\":\"http:\/\/anfocaccia.ovh\/index.php\/contact\/#breadcrumb\",\"itemListElement\":[{\"@type\":\"ListItem\",\"position\":1,\"name\":\"Accueil\",\"item\":\"http:\/\/anfocaccia.ovh\/\"},{\"@type\":\"ListItem\",\"position\":2,\"name\":\"Contact\"}]},{\"@type\":\"WebSite\",\"@id\":\"http:\/\/anfocaccia.ovh\/#website\",\"url\":\"http:\/\/anfocaccia.ovh\/\",\"name\":\"AN FOCACCIA\",\"description\":\"Food truck artisanal \u00e0 Thiers: savourez nos focaccia maison, inspir\u00e9es de la street food italienne. Ingredients frais, recettes authentiques et saveurs gourmandes \u00e0 emporter.\",\"publisher\":{\"@id\":\"http:\/\/anfocaccia.ovh\/#organization\"},\"potentialAction\":[{\"@type\":\"SearchAction\",\"target\":{\"@type\":\"EntryPoint\",\"urlTemplate\":\"http:\/\/anfocaccia.ovh\/?s={search_term_string}\"},\"query-input\":{\"@type\":\"PropertyValueSpecification\",\"valueRequired\":true,\"valueName\":\"search_term_string\"}}],\"inLanguage\":\"fr-FR\"},{\"@type\":\"Organization\",\"@id\":\"http:\/\/anfocaccia.ovh\/#organization\",\"name\":\"AN FOCACCIA\",\"url\":\"http:\/\/anfocaccia.ovh\/\",\"logo\":{\"@type\":\"ImageObject\",\"inLanguage\":\"fr-FR\",\"@id\":\"http:\/\/anfocaccia.ovh\/#\/schema\/logo\/image\/\",\"url\":\"http:\/\/anfocaccia.ovh\/wp-content\/uploads\/2025\/09\/Logo.jpg\",\"contentUrl\":\"http:\/\/anfocaccia.ovh\/wp-content\/uploads\/2025\/09\/Logo.jpg\",\"width\":1024,\"height\":1536,\"caption\":\"AN FOCACCIA\"},\"image\":{\"@id\":\"http:\/\/anfocaccia.ovh\/#\/schema\/logo\/image\/\"},\"sameAs\":[\"https:\/\/www.instagram.com\/an_focaccia\/\"]}]}<\/script>\n<!-- \/ Yoast SEO plugin. -->","yoast_head_json":{"title":"Contact - AN FOCACCIA","description":"Contact d\u2019ANFocaccia - Food truck italien \u00e0 Thiers, une exp\u00e9rience culinaire qui ravit les gourmands et curieux.","robots":{"index":"index","follow":"follow","max-snippet":"max-snippet:-1","max-image-preview":"max-image-preview:large","max-video-preview":"max-video-preview:-1"},"canonical":"http:\/\/anfocaccia.ovh\/index.php\/contact\/","og_locale":"fr_FR","og_type":"article","og_title":"Contact - AN FOCACCIA","og_description":"Contact d\u2019ANFocaccia - Food truck italien \u00e0 Thiers, une exp\u00e9rience culinaire qui ravit les gourmands et curieux.","og_url":"http:\/\/anfocaccia.ovh\/index.php\/contact\/","og_site_name":"AN FOCACCIA","article_modified_time":"2025-12-23T16:20:55+00:00","og_image":[{"url":"http:\/\/anfocaccia.ovh\/wp-content\/uploads\/2025\/09\/IMG_6298-2-1024x683.jpeg","type":"","width":"","height":""}],"twitter_card":"summary_large_image","twitter_misc":{"Dur\u00e9e de lecture estim\u00e9e":"1 minute"},"schema":{"@context":"https:\/\/schema.org","@graph":[{"@type":"WebPage","@id":"http:\/\/anfocaccia.ovh\/index.php\/contact\/","url":"http:\/\/anfocaccia.ovh\/index.php\/contact\/","name":"Contact - AN FOCACCIA","isPartOf":{"@id":"http:\/\/anfocaccia.ovh\/#website"},"primaryImageOfPage":{"@id":"http:\/\/anfocaccia.ovh\/index.php\/contact\/#primaryimage"},"image":{"@id":"http:\/\/anfocaccia.ovh\/index.php\/contact\/#primaryimage"},"thumbnailUrl":"http:\/\/anfocaccia.ovh\/wp-content\/uploads\/2025\/09\/IMG_6298-2-1024x683.jpeg","datePublished":"2025-09-28T14:56:42+00:00","dateModified":"2025-12-23T16:20:55+00:00","description":"Contact d\u2019ANFocaccia - Food truck italien \u00e0 Thiers, une exp\u00e9rience culinaire qui ravit les gourmands et curieux.","breadcrumb":{"@id":"http:\/\/anfocaccia.ovh\/index.php\/contact\/#breadcrumb"},"inLanguage":"fr-FR","potentialAction":[{"@type":"ReadAction","target":["http:\/\/anfocaccia.ovh\/index.php\/contact\/"]}]},{"@type":"ImageObject","inLanguage":"fr-FR","@id":"http:\/\/anfocaccia.ovh\/index.php\/contact\/#primaryimage","url":"http:\/\/anfocaccia.ovh\/wp-content\/uploads\/2025\/09\/IMG_6298-2.jpeg","contentUrl":"http:\/\/anfocaccia.ovh\/wp-content\/uploads\/2025\/09\/IMG_6298-2.jpeg","width":1536,"height":1024},{"@type":"BreadcrumbList","@id":"http:\/\/anfocaccia.ovh\/index.php\/contact\/#breadcrumb","itemListElement":[{"@type":"ListItem","position":1,"name":"Accueil","item":"http:\/\/anfocaccia.ovh\/"},{"@type":"ListItem","position":2,"name":"Contact"}]},{"@type":"WebSite","@id":"http:\/\/anfocaccia.ovh\/#website","url":"http:\/\/anfocaccia.ovh\/","name":"AN FOCACCIA","description":"Food truck artisanal \u00e0 Thiers: savourez nos focaccia maison, inspir\u00e9es de la street food italienne. Ingredients frais, recettes authentiques et saveurs gourmandes \u00e0 emporter.","publisher":{"@id":"http:\/\/anfocaccia.ovh\/#organization"},"potentialAction":[{"@type":"SearchAction","target":{"@type":"EntryPoint","urlTemplate":"http:\/\/anfocaccia.ovh\/?s={search_term_string}"},"query-input":{"@type":"PropertyValueSpecification","valueRequired":true,"valueName":"search_term_string"}}],"inLanguage":"fr-FR"},{"@type":"Organization","@id":"http:\/\/anfocaccia.ovh\/#organization","name":"AN FOCACCIA","url":"http:\/\/anfocaccia.ovh\/","logo":{"@type":"ImageObject","inLanguage":"fr-FR","@id":"http:\/\/anfocaccia.ovh\/#\/schema\/logo\/image\/","url":"http:\/\/anfocaccia.ovh\/wp-content\/uploads\/2025\/09\/Logo.jpg","contentUrl":"http:\/\/anfocaccia.ovh\/wp-content\/uploads\/2025\/09\/Logo.jpg","width":1024,"height":1536,"caption":"AN FOCACCIA"},"image":{"@id":"http:\/\/anfocaccia.ovh\/#\/schema\/logo\/image\/"},"sameAs":["https:\/\/www.instagram.com\/an_focaccia\/"]}]}},"_links":{"self":[{"href":"http:\/\/anfocaccia.ovh\/index.php\/wp-json\/wp\/v2\/pages\/20","targetHints":{"allow":["GET"]}}],"collection":[{"href":"http:\/\/anfocaccia.ovh\/index.php\/wp-json\/wp\/v2\/pages"}],"about":[{"href":"http:\/\/anfocaccia.ovh\/index.php\/wp-json\/wp\/v2\/types\/page"}],"author":[{"embeddable":true,"href":"http:\/\/anfocaccia.ovh\/index.php\/wp-json\/wp\/v2\/users\/1"}],"replies":[{"embeddable":true,"href":"http:\/\/anfocaccia.ovh\/index.php\/wp-json\/wp\/v2\/comments?post=20"}],"version-history":[{"count":33,"href":"http:\/\/anfocaccia.ovh\/index.php\/wp-json\/wp\/v2\/pages\/20\/revisions"}],"predecessor-version":[{"id":300,"href":"http:\/\/anfocaccia.ovh\/index.php\/wp-json\/wp\/v2\/pages\/20\/revisions\/300"}],"wp:attachment":[{"href":"http:\/\/anfocaccia.ovh\/index.php\/wp-json\/wp\/v2\/media?parent=20"}],"curies":[{"name":"wp","href":"https:\/\/api.w.org\/{rel}","templated":true}]}}