{"id":16,"date":"2025-09-28T14:55:36","date_gmt":"2025-09-28T14:55:36","guid":{"rendered":"http:\/\/anfocaccia.ovh\/?page_id=16"},"modified":"2025-10-07T10:01:57","modified_gmt":"2025-10-07T10:01:57","slug":"a-propos","status":"publish","type":"page","link":"http:\/\/anfocaccia.ovh\/index.php\/a-propos\/","title":{"rendered":"A propos"},"content":{"rendered":"\n<div class=\"wp-block-cover alignfull\" style=\"margin-top:0;margin-bottom:0;padding-top:0px;padding-bottom:80px;min-height:300px;aspect-ratio:unset;\"><img loading=\"lazy\" decoding=\"async\" width=\"1024\" height=\"683\" class=\"wp-block-cover__image-background wp-image-61 size-large\" alt=\"\" src=\"http:\/\/anfocaccia.ovh\/wp-content\/uploads\/2025\/09\/roulotte-4-1024x683.jpg\" data-object-fit=\"cover\" srcset=\"http:\/\/anfocaccia.ovh\/wp-content\/uploads\/2025\/09\/roulotte-4-1024x683.jpg 1024w, http:\/\/anfocaccia.ovh\/wp-content\/uploads\/2025\/09\/roulotte-4-300x200.jpg 300w, http:\/\/anfocaccia.ovh\/wp-content\/uploads\/2025\/09\/roulotte-4-768x512.jpg 768w, http:\/\/anfocaccia.ovh\/wp-content\/uploads\/2025\/09\/roulotte-4.jpg 1536w\" sizes=\"auto, (max-width: 1024px) 100vw, 1024px\" \/><span aria-hidden=\"true\" class=\"wp-block-cover__background has-background-dim-0 has-background-dim\" style=\"background-color:#e9ceb0\"><\/span><div class=\"wp-block-cover__inner-container has-global-padding is-layout-constrained wp-container-core-cover-is-layout-d4c6b484 wp-block-cover-is-layout-constrained\">\n<div style=\"height:150px\" aria-hidden=\"true\" class=\"wp-block-spacer\"><\/div>\n\n\n\n<h1 class=\"wp-block-heading has-text-align-center has-text-color has-link-color has-prata-regular-font-family wp-elements-93ceb96bf612668033761fc1f67b79ce\" style=\"color:#ffffff;font-size:clamp(38.682px, 2.418rem + ((1vw - 3.2px) * 3.786), 72px);font-style:normal;font-weight:400\">A propos.<\/h1>\n<\/div><\/div>\n\n\n\n<section class=\"wp-block-group alignfull has-global-padding is-layout-constrained wp-container-core-group-is-layout-608bbd49 wp-block-group-is-layout-constrained\" style=\"margin-top:0px;padding-top:6rem;padding-right:1rem;padding-bottom:5rem;padding-left:1rem;font-size:clamp(0.875rem, 0.875rem + ((1vw - 0.2rem) * 0.464), 1.13rem);font-style:normal;font-weight:400;line-height:1.4\">\n<div class=\"wp-block-columns is-layout-flex wp-container-core-columns-is-layout-03ad6a19 wp-block-columns-is-layout-flex\" style=\"margin-bottom:0px\">\n<div class=\"wp-block-column is-vertically-aligned-center is-layout-flow wp-block-column-is-layout-flow\" style=\"flex-basis:50%\">\n<figure class=\"wp-block-image alignleft size-full\"><img loading=\"lazy\" decoding=\"async\" width=\"2560\" height=\"1746\" src=\"http:\/\/anfocaccia.ovh\/wp-content\/uploads\/2025\/09\/PAPA-scaled.jpg\" alt=\"\" class=\"wp-image-34\" style=\"aspect-ratio:3\/4;object-fit:cover\" srcset=\"http:\/\/anfocaccia.ovh\/wp-content\/uploads\/2025\/09\/PAPA-scaled.jpg 2560w, http:\/\/anfocaccia.ovh\/wp-content\/uploads\/2025\/09\/PAPA-300x205.jpg 300w, http:\/\/anfocaccia.ovh\/wp-content\/uploads\/2025\/09\/PAPA-1024x698.jpg 1024w, http:\/\/anfocaccia.ovh\/wp-content\/uploads\/2025\/09\/PAPA-768x524.jpg 768w, http:\/\/anfocaccia.ovh\/wp-content\/uploads\/2025\/09\/PAPA-1536x1048.jpg 1536w, http:\/\/anfocaccia.ovh\/wp-content\/uploads\/2025\/09\/PAPA-2048x1397.jpg 2048w\" sizes=\"auto, (max-width: 2560px) 100vw, 2560px\" \/><\/figure>\n<\/div>\n\n\n\n<div class=\"wp-block-column is-vertically-aligned-center has-global-padding is-layout-constrained wp-container-core-column-is-layout-c4a7d96a wp-block-column-is-layout-constrained\" style=\"flex-basis:50%\">\n<h3 class=\"wp-block-heading has-text-align-left has-text-color has-prata-regular-font-family\" style=\"color:#d7b745;margin-top:0.5rem;margin-bottom:0rem;font-size:clamp(24.034px, 1.502rem + ((1vw - 3.2px) * 1.814), 40px);font-style:normal;font-weight:700;letter-spacing:0px;line-height:1.3\">La Focaccia une passion.<\/h3>\n\n\n\n<p class=\"has-text-align-left has-text-color has-inter-font-family\" style=\"color:#000000;margin-top:20px;margin-bottom:20px;font-size:clamp(14px, 0.875rem + ((1vw - 3.2px) * 0.455), 18px);font-style:normal;font-weight:400;line-height:1.5\">\ud83c\udf2e\ud83d\ude9a&nbsp;Un food truck, une passion, et beaucoup<br>de gourmandise !<\/p>\n\n\n\n<p class=\"has-text-color has-inter-font-family\" style=\"color:#000000;margin-top:20px;margin-bottom:20px;font-size:clamp(14px, 0.875rem + ((1vw - 3.2px) * 0.455), 18px);font-style:normal;font-weight:400;line-height:1.5\">Je cuisine pour r\u00e9galer les curieux et les<br>gourmands, avec des recettes maison qui<br>font sourire autant que saliver.<\/p>\n\n\n\n<p class=\"has-text-color has-inter-font-family\" style=\"color:#000000;margin-top:20px;margin-bottom:20px;font-size:clamp(14px, 0.875rem + ((1vw - 3.2px) * 0.455), 18px);font-style:normal;font-weight:400;line-height:1.5\">\u200b<\/p>\n\n\n\n<p class=\"has-text-color has-inter-font-family\" style=\"color:#000000;margin-top:20px;margin-bottom:20px;font-size:clamp(14px, 0.875rem + ((1vw - 3.2px) * 0.455), 18px);font-style:normal;font-weight:400;line-height:1.5\">\ud83c\udf55\u2728&nbsp;Parti de rien, arriv\u00e9\u2026 dans ton assiette!<\/p>\n\n\n\n<p class=\"has-text-color has-inter-font-family\" style=\"color:#000000;margin-top:20px;margin-bottom:20px;font-size:clamp(14px, 0.875rem + ((1vw - 3.2px) * 0.455), 18px);font-style:normal;font-weight:400;line-height:1.5\">Mon food truck, c\u2019est ma fa\u00e7on de partager<br>ma passion et de faire voyager les papilles<br>sans bouger de la rue.<\/p>\n\n\n\n<p class=\"has-text-color has-inter-font-family\" style=\"color:#000000;margin-top:20px;margin-bottom:20px;font-size:clamp(14px, 0.875rem + ((1vw - 3.2px) * 0.455), 18px);font-style:normal;font-weight:400;line-height:1.5\">\u200b<\/p>\n\n\n\n<p class=\"has-text-color has-inter-font-family\" style=\"color:#000000;margin-top:20px;margin-bottom:20px;font-size:clamp(14px, 0.875rem + ((1vw - 3.2px) * 0.455), 18px);font-style:normal;font-weight:400;line-height:1.5\">\ud83c\udf54\ud83d\udd25&nbsp;Du kiff, du go\u00fbt, et une cuisine faite<br>avec amour.<\/p>\n\n\n\n<p class=\"has-text-align-left has-text-color has-inter-font-family\" style=\"color:#000000;margin-top:20px;margin-bottom:20px;font-size:clamp(14px, 0.875rem + ((1vw - 3.2px) * 0.455), 18px);line-height:1.5\">Mon food truck, c\u2019est un m\u00e9lange de bonne<br>humeur et de recettes qui donnent envie<br>d\u2019en reprendre.<\/p>\n<\/div>\n<\/div>\n<\/section>\n\n\n\n<section class=\"wp-block-cover alignfull\" style=\"margin-top:0px;padding-top:1.01rem;padding-bottom:1.01rem;min-height:315px;aspect-ratio:unset;\"><img loading=\"lazy\" decoding=\"async\" width=\"1024\" height=\"683\" class=\"wp-block-cover__image-background wp-image-62 size-large\" alt=\"\" src=\"http:\/\/anfocaccia.ovh\/wp-content\/uploads\/2025\/09\/IMG_6298-5-1024x683.jpeg\" data-object-fit=\"cover\" srcset=\"http:\/\/anfocaccia.ovh\/wp-content\/uploads\/2025\/09\/IMG_6298-5-1024x683.jpeg 1024w, http:\/\/anfocaccia.ovh\/wp-content\/uploads\/2025\/09\/IMG_6298-5-300x200.jpeg 300w, http:\/\/anfocaccia.ovh\/wp-content\/uploads\/2025\/09\/IMG_6298-5-768x512.jpeg 768w, http:\/\/anfocaccia.ovh\/wp-content\/uploads\/2025\/09\/IMG_6298-5.jpeg 1536w\" sizes=\"auto, (max-width: 1024px) 100vw, 1024px\" \/><span aria-hidden=\"true\" class=\"wp-block-cover__background has-background-dim-0 has-background-dim\" style=\"background-color:#edf1f2\"><\/span><div class=\"wp-block-cover__inner-container has-global-padding is-layout-constrained wp-container-core-cover-is-layout-b1bebcb3 wp-block-cover-is-layout-constrained\">\n<div class=\"wp-block-group has-text-color is-layout-flow wp-block-group-is-layout-flow\" style=\"color:#fffffd;margin-top:0px;padding-top:0rem;padding-right:1rem;padding-bottom:0rem;padding-left:1rem;font-size:clamp(0.875rem, 0.875rem + ((1vw - 0.2rem) * 0.464), 1.13rem);font-style:normal;font-weight:400;line-height:1.4\">\n<div class=\"wp-block-group has-global-padding is-layout-constrained wp-container-core-group-is-layout-bdbfdc43 wp-block-group-is-layout-constrained\">\n<p class=\"has-text-align-center has-text-color\" style=\"color:#fffffd;margin-bottom:0rem;font-size:clamp(1.507rem, 1.507rem + ((1vw - 0.2rem) * 1.824), 2.51rem);font-style:normal;font-weight:400;line-height:1.2\">Suivez nous<\/p>\n<\/div>\n<\/div>\n\n\n\n<ul class=\"wp-block-social-links has-large-icon-size is-content-justification-center is-layout-flex wp-container-core-social-links-is-layout-a89b3969 wp-block-social-links-is-layout-flex\"><li class=\"wp-social-link wp-social-link-instagram  wp-block-social-link\"><a href=\"https:\/\/www.instagram.com\/an_focaccia\/\" class=\"wp-block-social-link-anchor\"><svg width=\"24\" height=\"24\" viewBox=\"0 0 24 24\" version=\"1.1\" xmlns=\"http:\/\/www.w3.org\/2000\/svg\" aria-hidden=\"true\" focusable=\"false\"><path d=\"M12,4.622c2.403,0,2.688,0.009,3.637,0.052c0.877,0.04,1.354,0.187,1.671,0.31c0.42,0.163,0.72,0.358,1.035,0.673 c0.315,0.315,0.51,0.615,0.673,1.035c0.123,0.317,0.27,0.794,0.31,1.671c0.043,0.949,0.052,1.234,0.052,3.637 s-0.009,2.688-0.052,3.637c-0.04,0.877-0.187,1.354-0.31,1.671c-0.163,0.42-0.358,0.72-0.673,1.035 c-0.315,0.315-0.615,0.51-1.035,0.673c-0.317,0.123-0.794,0.27-1.671,0.31c-0.949,0.043-1.233,0.052-3.637,0.052 s-2.688-0.009-3.637-0.052c-0.877-0.04-1.354-0.187-1.671-0.31c-0.42-0.163-0.72-0.358-1.035-0.673 c-0.315-0.315-0.51-0.615-0.673-1.035c-0.123-0.317-0.27-0.794-0.31-1.671C4.631,14.688,4.622,14.403,4.622,12 s0.009-2.688,0.052-3.637c0.04-0.877,0.187-1.354,0.31-1.671c0.163-0.42,0.358-0.72,0.673-1.035 c0.315-0.315,0.615-0.51,1.035-0.673c0.317-0.123,0.794-0.27,1.671-0.31C9.312,4.631,9.597,4.622,12,4.622 M12,3 C9.556,3,9.249,3.01,8.289,3.054C7.331,3.098,6.677,3.25,6.105,3.472C5.513,3.702,5.011,4.01,4.511,4.511 c-0.5,0.5-0.808,1.002-1.038,1.594C3.25,6.677,3.098,7.331,3.054,8.289C3.01,9.249,3,9.556,3,12c0,2.444,0.01,2.751,0.054,3.711 c0.044,0.958,0.196,1.612,0.418,2.185c0.23,0.592,0.538,1.094,1.038,1.594c0.5,0.5,1.002,0.808,1.594,1.038 c0.572,0.222,1.227,0.375,2.185,0.418C9.249,20.99,9.556,21,12,21s2.751-0.01,3.711-0.054c0.958-0.044,1.612-0.196,2.185-0.418 c0.592-0.23,1.094-0.538,1.594-1.038c0.5-0.5,0.808-1.002,1.038-1.594c0.222-0.572,0.375-1.227,0.418-2.185 C20.99,14.751,21,14.444,21,12s-0.01-2.751-0.054-3.711c-0.044-0.958-0.196-1.612-0.418-2.185c-0.23-0.592-0.538-1.094-1.038-1.594 c-0.5-0.5-1.002-0.808-1.594-1.038c-0.572-0.222-1.227-0.375-2.185-0.418C14.751,3.01,14.444,3,12,3L12,3z M12,7.378 c-2.552,0-4.622,2.069-4.622,4.622S9.448,16.622,12,16.622s4.622-2.069,4.622-4.622S14.552,7.378,12,7.378z M12,15 c-1.657,0-3-1.343-3-3s1.343-3,3-3s3,1.343,3,3S13.657,15,12,15z M16.804,6.116c-0.596,0-1.08,0.484-1.08,1.08 s0.484,1.08,1.08,1.08c0.596,0,1.08-0.484,1.08-1.08S17.401,6.116,16.804,6.116z\"><\/path><\/svg><span class=\"wp-block-social-link-label screen-reader-text\">Instagram<\/span><\/a><\/li><\/ul>\n<\/div><\/section>\n","protected":false},"excerpt":{"rendered":"<p>La Focaccia une passion. \ud83c\udf2e\ud83d\ude9a&nbsp;Un food truck, une passion, et beaucoupde gourmandise ! Je cuisine pour r\u00e9galer les curieux et lesgourmands, avec des recettes maison quifont sourire autant que saliver. \u200b \ud83c\udf55\u2728&nbsp;Parti de rien, arriv\u00e9\u2026 dans ton assiette! Mon food truck, c\u2019est ma fa\u00e7on de partagerma passion et de faire voyager les papillessans bouger de [&hellip;]<\/p>\n","protected":false},"author":1,"featured_media":0,"parent":0,"menu_order":0,"comment_status":"closed","ping_status":"closed","template":"","meta":{"footnotes":""},"class_list":["post-16","page","type-page","status-publish","hentry"],"yoast_head":"<!-- This site is optimized with the Yoast SEO plugin v26.0 - https:\/\/yoast.com\/wordpress\/plugins\/seo\/ -->\n<title>\u00c0 propos d\u2019ANFocaccia - Food truck italien \u00e0 Thiers - AN FOCACCIA<\/title>\n<meta name=\"description\" content=\"\u00c0 propos d\u2019ANFocaccia - Food truck italien \u00e0 Thiers, une exp\u00e9rience culinaire qui ravit les gourmands et curieux.\" \/>\n<meta name=\"robots\" content=\"index, follow, max-snippet:-1, max-image-preview:large, max-video-preview:-1\" \/>\n<link rel=\"canonical\" href=\"http:\/\/anfocaccia.ovh\/index.php\/a-propos\/\" \/>\n<meta property=\"og:locale\" content=\"fr_FR\" \/>\n<meta property=\"og:type\" content=\"article\" \/>\n<meta property=\"og:title\" content=\"\u00c0 propos d\u2019ANFocaccia - Food truck italien \u00e0 Thiers - AN FOCACCIA\" \/>\n<meta property=\"og:description\" content=\"\u00c0 propos d\u2019ANFocaccia - Food truck italien \u00e0 Thiers, une exp\u00e9rience culinaire qui ravit les gourmands et curieux.\" \/>\n<meta property=\"og:url\" content=\"http:\/\/anfocaccia.ovh\/index.php\/a-propos\/\" \/>\n<meta property=\"og:site_name\" content=\"AN FOCACCIA\" \/>\n<meta property=\"article:modified_time\" content=\"2025-10-07T10:01:57+00:00\" \/>\n<meta property=\"og:image\" content=\"http:\/\/anfocaccia.ovh\/wp-content\/uploads\/2025\/09\/roulotte-4-1024x683.jpg\" \/>\n<meta name=\"twitter:card\" content=\"summary_large_image\" \/>\n<meta name=\"twitter:label1\" content=\"Dur\u00e9e de lecture estim\u00e9e\" \/>\n\t<meta name=\"twitter:data1\" content=\"2 minutes\" \/>\n<script type=\"application\/ld+json\" class=\"yoast-schema-graph\">{\"@context\":\"https:\/\/schema.org\",\"@graph\":[{\"@type\":\"WebPage\",\"@id\":\"http:\/\/anfocaccia.ovh\/index.php\/a-propos\/\",\"url\":\"http:\/\/anfocaccia.ovh\/index.php\/a-propos\/\",\"name\":\"\u00c0 propos d\u2019ANFocaccia - Food truck italien \u00e0 Thiers - AN FOCACCIA\",\"isPartOf\":{\"@id\":\"http:\/\/anfocaccia.ovh\/#website\"},\"primaryImageOfPage\":{\"@id\":\"http:\/\/anfocaccia.ovh\/index.php\/a-propos\/#primaryimage\"},\"image\":{\"@id\":\"http:\/\/anfocaccia.ovh\/index.php\/a-propos\/#primaryimage\"},\"thumbnailUrl\":\"http:\/\/anfocaccia.ovh\/wp-content\/uploads\/2025\/09\/roulotte-4-1024x683.jpg\",\"datePublished\":\"2025-09-28T14:55:36+00:00\",\"dateModified\":\"2025-10-07T10:01:57+00:00\",\"description\":\"\u00c0 propos d\u2019ANFocaccia - Food truck italien \u00e0 Thiers, une exp\u00e9rience culinaire qui ravit les gourmands et curieux.\",\"breadcrumb\":{\"@id\":\"http:\/\/anfocaccia.ovh\/index.php\/a-propos\/#breadcrumb\"},\"inLanguage\":\"fr-FR\",\"potentialAction\":[{\"@type\":\"ReadAction\",\"target\":[\"http:\/\/anfocaccia.ovh\/index.php\/a-propos\/\"]}]},{\"@type\":\"ImageObject\",\"inLanguage\":\"fr-FR\",\"@id\":\"http:\/\/anfocaccia.ovh\/index.php\/a-propos\/#primaryimage\",\"url\":\"http:\/\/anfocaccia.ovh\/wp-content\/uploads\/2025\/09\/roulotte-4.jpg\",\"contentUrl\":\"http:\/\/anfocaccia.ovh\/wp-content\/uploads\/2025\/09\/roulotte-4.jpg\",\"width\":1536,\"height\":1024},{\"@type\":\"BreadcrumbList\",\"@id\":\"http:\/\/anfocaccia.ovh\/index.php\/a-propos\/#breadcrumb\",\"itemListElement\":[{\"@type\":\"ListItem\",\"position\":1,\"name\":\"Accueil\",\"item\":\"http:\/\/anfocaccia.ovh\/\"},{\"@type\":\"ListItem\",\"position\":2,\"name\":\"A propos\"}]},{\"@type\":\"WebSite\",\"@id\":\"http:\/\/anfocaccia.ovh\/#website\",\"url\":\"http:\/\/anfocaccia.ovh\/\",\"name\":\"AN FOCACCIA\",\"description\":\"Food truck artisanal \u00e0 Thiers: savourez nos focaccia maison, inspir\u00e9es de la street food italienne. Ingredients frais, recettes authentiques et saveurs gourmandes \u00e0 emporter.\",\"publisher\":{\"@id\":\"http:\/\/anfocaccia.ovh\/#organization\"},\"potentialAction\":[{\"@type\":\"SearchAction\",\"target\":{\"@type\":\"EntryPoint\",\"urlTemplate\":\"http:\/\/anfocaccia.ovh\/?s={search_term_string}\"},\"query-input\":{\"@type\":\"PropertyValueSpecification\",\"valueRequired\":true,\"valueName\":\"search_term_string\"}}],\"inLanguage\":\"fr-FR\"},{\"@type\":\"Organization\",\"@id\":\"http:\/\/anfocaccia.ovh\/#organization\",\"name\":\"AN FOCACCIA\",\"url\":\"http:\/\/anfocaccia.ovh\/\",\"logo\":{\"@type\":\"ImageObject\",\"inLanguage\":\"fr-FR\",\"@id\":\"http:\/\/anfocaccia.ovh\/#\/schema\/logo\/image\/\",\"url\":\"http:\/\/anfocaccia.ovh\/wp-content\/uploads\/2025\/09\/Logo.jpg\",\"contentUrl\":\"http:\/\/anfocaccia.ovh\/wp-content\/uploads\/2025\/09\/Logo.jpg\",\"width\":1024,\"height\":1536,\"caption\":\"AN FOCACCIA\"},\"image\":{\"@id\":\"http:\/\/anfocaccia.ovh\/#\/schema\/logo\/image\/\"},\"sameAs\":[\"https:\/\/www.instagram.com\/an_focaccia\/\"]}]}<\/script>\n<!-- \/ Yoast SEO plugin. -->","yoast_head_json":{"title":"\u00c0 propos d\u2019ANFocaccia - Food truck italien \u00e0 Thiers - AN FOCACCIA","description":"\u00c0 propos d\u2019ANFocaccia - Food truck italien \u00e0 Thiers, une exp\u00e9rience culinaire qui ravit les gourmands et curieux.","robots":{"index":"index","follow":"follow","max-snippet":"max-snippet:-1","max-image-preview":"max-image-preview:large","max-video-preview":"max-video-preview:-1"},"canonical":"http:\/\/anfocaccia.ovh\/index.php\/a-propos\/","og_locale":"fr_FR","og_type":"article","og_title":"\u00c0 propos d\u2019ANFocaccia - Food truck italien \u00e0 Thiers - AN FOCACCIA","og_description":"\u00c0 propos d\u2019ANFocaccia - Food truck italien \u00e0 Thiers, une exp\u00e9rience culinaire qui ravit les gourmands et curieux.","og_url":"http:\/\/anfocaccia.ovh\/index.php\/a-propos\/","og_site_name":"AN FOCACCIA","article_modified_time":"2025-10-07T10:01:57+00:00","og_image":[{"url":"http:\/\/anfocaccia.ovh\/wp-content\/uploads\/2025\/09\/roulotte-4-1024x683.jpg","type":"","width":"","height":""}],"twitter_card":"summary_large_image","twitter_misc":{"Dur\u00e9e de lecture estim\u00e9e":"2 minutes"},"schema":{"@context":"https:\/\/schema.org","@graph":[{"@type":"WebPage","@id":"http:\/\/anfocaccia.ovh\/index.php\/a-propos\/","url":"http:\/\/anfocaccia.ovh\/index.php\/a-propos\/","name":"\u00c0 propos d\u2019ANFocaccia - Food truck italien \u00e0 Thiers - AN FOCACCIA","isPartOf":{"@id":"http:\/\/anfocaccia.ovh\/#website"},"primaryImageOfPage":{"@id":"http:\/\/anfocaccia.ovh\/index.php\/a-propos\/#primaryimage"},"image":{"@id":"http:\/\/anfocaccia.ovh\/index.php\/a-propos\/#primaryimage"},"thumbnailUrl":"http:\/\/anfocaccia.ovh\/wp-content\/uploads\/2025\/09\/roulotte-4-1024x683.jpg","datePublished":"2025-09-28T14:55:36+00:00","dateModified":"2025-10-07T10:01:57+00:00","description":"\u00c0 propos d\u2019ANFocaccia - Food truck italien \u00e0 Thiers, une exp\u00e9rience culinaire qui ravit les gourmands et curieux.","breadcrumb":{"@id":"http:\/\/anfocaccia.ovh\/index.php\/a-propos\/#breadcrumb"},"inLanguage":"fr-FR","potentialAction":[{"@type":"ReadAction","target":["http:\/\/anfocaccia.ovh\/index.php\/a-propos\/"]}]},{"@type":"ImageObject","inLanguage":"fr-FR","@id":"http:\/\/anfocaccia.ovh\/index.php\/a-propos\/#primaryimage","url":"http:\/\/anfocaccia.ovh\/wp-content\/uploads\/2025\/09\/roulotte-4.jpg","contentUrl":"http:\/\/anfocaccia.ovh\/wp-content\/uploads\/2025\/09\/roulotte-4.jpg","width":1536,"height":1024},{"@type":"BreadcrumbList","@id":"http:\/\/anfocaccia.ovh\/index.php\/a-propos\/#breadcrumb","itemListElement":[{"@type":"ListItem","position":1,"name":"Accueil","item":"http:\/\/anfocaccia.ovh\/"},{"@type":"ListItem","position":2,"name":"A propos"}]},{"@type":"WebSite","@id":"http:\/\/anfocaccia.ovh\/#website","url":"http:\/\/anfocaccia.ovh\/","name":"AN FOCACCIA","description":"Food truck artisanal \u00e0 Thiers: savourez nos focaccia maison, inspir\u00e9es de la street food italienne. Ingredients frais, recettes authentiques et saveurs gourmandes \u00e0 emporter.","publisher":{"@id":"http:\/\/anfocaccia.ovh\/#organization"},"potentialAction":[{"@type":"SearchAction","target":{"@type":"EntryPoint","urlTemplate":"http:\/\/anfocaccia.ovh\/?s={search_term_string}"},"query-input":{"@type":"PropertyValueSpecification","valueRequired":true,"valueName":"search_term_string"}}],"inLanguage":"fr-FR"},{"@type":"Organization","@id":"http:\/\/anfocaccia.ovh\/#organization","name":"AN FOCACCIA","url":"http:\/\/anfocaccia.ovh\/","logo":{"@type":"ImageObject","inLanguage":"fr-FR","@id":"http:\/\/anfocaccia.ovh\/#\/schema\/logo\/image\/","url":"http:\/\/anfocaccia.ovh\/wp-content\/uploads\/2025\/09\/Logo.jpg","contentUrl":"http:\/\/anfocaccia.ovh\/wp-content\/uploads\/2025\/09\/Logo.jpg","width":1024,"height":1536,"caption":"AN FOCACCIA"},"image":{"@id":"http:\/\/anfocaccia.ovh\/#\/schema\/logo\/image\/"},"sameAs":["https:\/\/www.instagram.com\/an_focaccia\/"]}]}},"_links":{"self":[{"href":"http:\/\/anfocaccia.ovh\/index.php\/wp-json\/wp\/v2\/pages\/16","targetHints":{"allow":["GET"]}}],"collection":[{"href":"http:\/\/anfocaccia.ovh\/index.php\/wp-json\/wp\/v2\/pages"}],"about":[{"href":"http:\/\/anfocaccia.ovh\/index.php\/wp-json\/wp\/v2\/types\/page"}],"author":[{"embeddable":true,"href":"http:\/\/anfocaccia.ovh\/index.php\/wp-json\/wp\/v2\/users\/1"}],"replies":[{"embeddable":true,"href":"http:\/\/anfocaccia.ovh\/index.php\/wp-json\/wp\/v2\/comments?post=16"}],"version-history":[{"count":11,"href":"http:\/\/anfocaccia.ovh\/index.php\/wp-json\/wp\/v2\/pages\/16\/revisions"}],"predecessor-version":[{"id":161,"href":"http:\/\/anfocaccia.ovh\/index.php\/wp-json\/wp\/v2\/pages\/16\/revisions\/161"}],"wp:attachment":[{"href":"http:\/\/anfocaccia.ovh\/index.php\/wp-json\/wp\/v2\/media?parent=16"}],"curies":[{"name":"wp","href":"https:\/\/api.w.org\/{rel}","templated":true}]}}